{"id":2,"date":"2022-08-11T13:13:33","date_gmt":"2022-08-11T13:13:33","guid":{"rendered":"https:\/\/perfilmak.com.br\/?page_id=2"},"modified":"2023-05-30T15:39:32","modified_gmt":"2023-05-30T15:39:32","slug":"empresa","status":"publish","type":"page","link":"https:\/\/perfilmak.com.br\/index.php\/empresa\/","title":{"rendered":"EMPRESA"},"content":{"rendered":"\n<div class=\"slider-wrapper relative\" id=\"slider-994579028\" >\n    <div class=\"slider slider-nav-circle slider-nav-large slider-nav-light slider-style-normal\"\n        data-flickity-options='{\n            \"cellAlign\": \"center\",\n            \"imagesLoaded\": true,\n            \"lazyLoad\": 1,\n            \"freeScroll\": false,\n            \"wrapAround\": true,\n            \"autoPlay\": 6000,\n            \"pauseAutoPlayOnHover\" : true,\n            \"prevNextButtons\": true,\n            \"contain\" : true,\n            \"adaptiveHeight\" : true,\n            \"dragThreshold\" : 10,\n            \"percentPosition\": true,\n            \"pageDots\": true,\n            \"rightToLeft\": false,\n            \"draggable\": true,\n            \"selectedAttraction\": 0.1,\n            \"parallax\" : 0,\n            \"friction\": 0.6        }'\n        >\n        \n\n\n  <div class=\"banner has-hover\" id=\"banner-797521632\">\n          <div class=\"banner-inner fill\">\n        <div class=\"banner-bg fill\" >\n            <div class=\"bg fill bg-fill \"><\/div>\n                                    \n                    <\/div>\n        <div class=\"banner-layers container\">\n            <div class=\"fill banner-link\"><\/div>            \n\n   <div id=\"text-box-1986644586\" class=\"text-box banner-layer x50 md-x50 lg-x50 y50 md-y50 lg-y50 res-text\">\n                                <div class=\"text-box-content text dark\">\n              \n              <div class=\"text-inner text-center\">\n                  \n\n\n              <\/div>\n           <\/div>\n                            \n<style>\n#text-box-1986644586 {\n  width: 60%;\n}\n#text-box-1986644586 .text-box-content {\n  font-size: 100%;\n}\n<\/style>\n    <\/div>\n \n\n        <\/div>\n      <\/div>\n\n            \n<style>\n#banner-797521632 {\n  padding-top: 500px;\n}\n#banner-797521632 .bg.bg-loaded {\n  background-image: url(https:\/\/perfilmak.com.br\/wp-content\/uploads\/2022\/08\/banner-2-1024x414.jpg);\n}\n<\/style>\n  <\/div>\n\n\n\n     <\/div>\n\n     <div class=\"loading-spin dark large centered\"><\/div>\n\n     <\/div>\n\n\n\t<section class=\"section\" id=\"section_1449364601\">\n\t\t<div class=\"bg section-bg fill bg-fill  bg-loaded\" >\n\n\t\t\t\n\t\t\t\n\t\t\t\n\n\t\t<\/div>\n\n\t\t<div class=\"section-content relative\">\n\t\t\t\n\n<div class=\"row\"  id=\"row-1716862091\">\n\n\n\t<div id=\"col-815121270\" class=\"col medium-8 small-12 large-8\"  >\n\t\t<div class=\"col-inner\"  >\n\t\t\t\n\t\t\t\n\n\t<div id=\"text-926513744\" class=\"text\">\n\t\t\n\n<p class=\"lead thin-font\">&#8220;Somos uma empresa especializada na fabrica\u00e7\u00e3o de perfis para forros de PVC, cercas concertina e caixas de papel\u00e3o. Nossos produtos s\u00e3o projetados com alta qualidade e durabilidade, oferecendo solu\u00e7\u00f5es pr\u00e1ticas e eficientes para revestimentos de tetos e paredes, seguran\u00e7a perimetral e embalagens. Atendemos \u00e0s necessidades de clientes diversos, fornecendo materiais confi\u00e1veis e personalizados para aplica\u00e7\u00f5es residenciais, comerciais e industriais. Com nossa experi\u00eancia e compromisso com a excel\u00eancia, garantimos satisfa\u00e7\u00e3o e resultados superiores para todos os projetos.&#8221;<\/p>\n\t\t\n<style>\n#text-926513744 {\n  text-align: center;\n}\n<\/style>\n\t<\/div>\n\t\n\n\t\t<\/div>\n\t\t\t<\/div>\n\n\t\n\n\t<div id=\"col-1876553732\" class=\"col medium-4 small-12 large-4\"  >\n\t\t<div class=\"col-inner\"  >\n\t\t\t\n\t\t\t\n\n<p>ENTRE EM CONTATO COM A GENTE<br \/>MA INDUSTRIA E COMERCIO DE PERFIS LTDA ME<br \/>CNPJ: 16900204000119<br \/>RUA FRANCISCO JOAO LUCAS 218<br \/>BAIRRO BARRA DO ARIRIU<br \/>PALHO\u00c7A \u2013 SC<\/p>\n<p>EMAIL PRINCIPAL<br \/>contato@perfilmak.com.br<\/p>\n<p>FONE DE CONTATO<br \/>48 3344 0529<\/p>\n\n\t\t<\/div>\n\t\t\t<\/div>\n\n\t\n\n<\/div>\n\n\t\t<\/div>\n\n\t\t\n<style>\n#section_1449364601 {\n  padding-top: 30px;\n  padding-bottom: 30px;\n}\n<\/style>\n\t<\/section>\n\t\n\t<section class=\"section\" id=\"section_1934517532\">\n\t\t<div class=\"bg section-bg fill bg-fill  bg-loaded\" >\n\n\t\t\t\n\t\t\t\n\t\t\t\n\n\t\t<\/div>\n\n\t\t<div class=\"section-content relative\">\n\t\t\t\n\n<div class=\"row\"  id=\"row-871429505\">\n\n\n\t<div id=\"col-1683246244\" class=\"col small-12 large-12\"  >\n\t\t<div class=\"col-inner\"  >\n\t\t\t\n\t\t\t\n\n<p><iframe src=\"https:\/\/www.google.com\/maps\/embed?pb=!1m18!1m12!1m3!1d3533.291756462286!2d-48.64379808432798!3d-27.67737613219468!2m3!1f0!2f0!3f0!3m2!1i1024!2i768!4f13.1!3m3!1m2!1s0x9527340178e28049%3A0x910ef266281c8b79!2sR.%20Francisco%20Jo%C3%A3o%20Lucas%2C%20218%20-%20Barra%20do%20Aririu%2C%20Palho%C3%A7a%20-%20SC%2C%2088134-630!5e0!3m2!1spt-BR!2sbr!4v1660233572342!5m2!1spt-BR!2sbr\" width=\"100%\" height=\"450\" style=\"border:0;\" allowfullscreen=\"\" loading=\"lazy\" referrerpolicy=\"no-referrer-when-downgrade\"><\/iframe><\/p>\n\n\t\t<\/div>\n\t\t\t<\/div>\n\n\t\n\n<\/div>\n\n\t\t<\/div>\n\n\t\t\n<style>\n#section_1934517532 {\n  padding-top: 30px;\n  padding-bottom: 30px;\n}\n<\/style>\n\t<\/section>\n\t\n\n","protected":false},"excerpt":{"rendered":"","protected":false},"author":1,"featured_media":0,"parent":0,"menu_order":0,"comment_status":"closed","ping_status":"closed","template":"","meta":{"_joinchat":[],"footnotes":""},"class_list":["post-2","page","type-page","status-publish","hentry"],"_links":{"self":[{"href":"https:\/\/perfilmak.com.br\/index.php\/wp-json\/wp\/v2\/pages\/2","targetHints":{"allow":["GET"]}}],"collection":[{"href":"https:\/\/perfilmak.com.br\/index.php\/wp-json\/wp\/v2\/pages"}],"about":[{"href":"https:\/\/perfilmak.com.br\/index.php\/wp-json\/wp\/v2\/types\/page"}],"author":[{"embeddable":true,"href":"https:\/\/perfilmak.com.br\/index.php\/wp-json\/wp\/v2\/users\/1"}],"replies":[{"embeddable":true,"href":"https:\/\/perfilmak.com.br\/index.php\/wp-json\/wp\/v2\/comments?post=2"}],"version-history":[{"count":8,"href":"https:\/\/perfilmak.com.br\/index.php\/wp-json\/wp\/v2\/pages\/2\/revisions"}],"predecessor-version":[{"id":103,"href":"https:\/\/perfilmak.com.br\/index.php\/wp-json\/wp\/v2\/pages\/2\/revisions\/103"}],"wp:attachment":[{"href":"https:\/\/perfilmak.com.br\/index.php\/wp-json\/wp\/v2\/media?parent=2"}],"curies":[{"name":"wp","href":"https:\/\/api.w.org\/{rel}","templated":true}]}}