{"id":110,"date":"2024-01-31T11:53:17","date_gmt":"2024-01-31T11:53:17","guid":{"rendered":"https:\/\/perfilmak.com.br\/?post_type=product&#038;p=110"},"modified":"2024-01-31T11:53:17","modified_gmt":"2024-01-31T11:53:17","slug":"estribo-de-aco-nervurado","status":"publish","type":"product","link":"https:\/\/perfilmak.com.br\/index.php\/produto\/estribo-de-aco-nervurado\/","title":{"rendered":"Estribo de a\u00e7o nervurado"},"content":{"rendered":"<p>N\u00f3s fabricamos estribos de constru\u00e7\u00e3o nos mais variados formatos para atender suas necessidades, com valores a partir de R$0,50 a unidade<\/p>\n<p>Utilizamos a\u00e7o CA60 de 4,2mm e 5,0mm de espessura, fabricamos sob encomenda e possu\u00edmos estoque dos produtos mais comuns:<br \/>\nEstribo 4,20 mm &#8211; 7 X 12 cm;<br \/>\nEstribo 4,20 mm &#8211; 7 X 14 cm;<br \/>\nEstribo 4,20 mm &#8211; 7 X 17 cm;<br \/>\nEstribo 4,20 mm &#8211; 7x 20 cm;<br \/>\nEstribo 4,20 mm &#8211; 7 X 27 cm;<\/p>\n<p>Entre em contato para conferir nossos pre\u00e7os.<\/p>\n","protected":false},"excerpt":{"rendered":"<p>Fabricamos estribos de constru\u00e7\u00e3o no formato desejado, em a\u00e7o CA60 4,2 e 5mm.<\/p>\n","protected":false},"featured_media":111,"comment_status":"open","ping_status":"closed","template":"","meta":{"_joinchat":{"telephone":"+554833440529","message_send":"Ol\u00e1, vi seus produtos no site, gostaria de informa\u00e7\u00f5es sobre valores"}},"product_brand":[],"product_cat":[21],"product_tag":[],"class_list":{"0":"post-110","1":"product","2":"type-product","3":"status-publish","4":"has-post-thumbnail","6":"product_cat-estribos-de-construcao","8":"first","9":"instock","10":"shipping-taxable","11":"purchasable","12":"product-type-simple"},"_links":{"self":[{"href":"https:\/\/perfilmak.com.br\/index.php\/wp-json\/wp\/v2\/product\/110","targetHints":{"allow":["GET"]}}],"collection":[{"href":"https:\/\/perfilmak.com.br\/index.php\/wp-json\/wp\/v2\/product"}],"about":[{"href":"https:\/\/perfilmak.com.br\/index.php\/wp-json\/wp\/v2\/types\/product"}],"replies":[{"embeddable":true,"href":"https:\/\/perfilmak.com.br\/index.php\/wp-json\/wp\/v2\/comments?post=110"}],"wp:featuredmedia":[{"embeddable":true,"href":"https:\/\/perfilmak.com.br\/index.php\/wp-json\/wp\/v2\/media\/111"}],"wp:attachment":[{"href":"https:\/\/perfilmak.com.br\/index.php\/wp-json\/wp\/v2\/media?parent=110"}],"wp:term":[{"taxonomy":"product_brand","embeddable":true,"href":"https:\/\/perfilmak.com.br\/index.php\/wp-json\/wp\/v2\/product_brand?post=110"},{"taxonomy":"product_cat","embeddable":true,"href":"https:\/\/perfilmak.com.br\/index.php\/wp-json\/wp\/v2\/product_cat?post=110"},{"taxonomy":"product_tag","embeddable":true,"href":"https:\/\/perfilmak.com.br\/index.php\/wp-json\/wp\/v2\/product_tag?post=110"}],"curies":[{"name":"wp","href":"https:\/\/api.w.org\/{rel}","templated":true}]}}