{"id":131,"date":"2025-02-10T17:19:28","date_gmt":"2025-02-10T17:19:28","guid":{"rendered":"https:\/\/perfilmak.com.br\/?post_type=product&#038;p=131"},"modified":"2025-02-10T20:52:49","modified_gmt":"2025-02-10T20:52:49","slug":"grampo-tipo-c","status":"publish","type":"product","link":"https:\/\/perfilmak.com.br\/index.php\/produto\/grampo-tipo-c\/","title":{"rendered":"Grampo tipo C"},"content":{"rendered":"<p>Os grampos tipo C perfilmak s\u00e3o utilizados para fixa\u00e7\u00e3o e instala\u00e7\u00e3o de cercas concertinas e tamb\u00e9m em estofarias.<\/p>\n<p>Arame 12AWG a\u00e7o galvanizado com 20mm de comprimento cada.<\/p>\n<p>S\u00e3o vendidos em pacotes com 1Kg.<\/p>\n<p>Material resistente a \u00e1gua e intemperes.<\/p>\n","protected":false},"excerpt":{"rendered":"<p>Os grampos tipo C perfilmak s\u00e3o utilizados para fixa\u00e7\u00e3o e instala\u00e7\u00e3o de cercas concertinas e tamb\u00e9m em estofarias. Arame 12AWG a\u00e7o galvanizado com 20mm de comprimento cada. S\u00e3o vendidos em pacotes com 1Kg. Material resistente a \u00e1gua e intemperes.<\/p>\n","protected":false},"featured_media":134,"comment_status":"open","ping_status":"closed","template":"","meta":{"_joinchat":[]},"product_brand":[],"product_cat":[19],"product_tag":[22],"class_list":{"0":"post-131","1":"product","2":"type-product","3":"status-publish","4":"has-post-thumbnail","6":"product_cat-cercas-concertina","7":"product_tag-grampos","9":"first","10":"instock","11":"shipping-taxable","12":"product-type-simple"},"_links":{"self":[{"href":"https:\/\/perfilmak.com.br\/index.php\/wp-json\/wp\/v2\/product\/131","targetHints":{"allow":["GET"]}}],"collection":[{"href":"https:\/\/perfilmak.com.br\/index.php\/wp-json\/wp\/v2\/product"}],"about":[{"href":"https:\/\/perfilmak.com.br\/index.php\/wp-json\/wp\/v2\/types\/product"}],"replies":[{"embeddable":true,"href":"https:\/\/perfilmak.com.br\/index.php\/wp-json\/wp\/v2\/comments?post=131"}],"wp:featuredmedia":[{"embeddable":true,"href":"https:\/\/perfilmak.com.br\/index.php\/wp-json\/wp\/v2\/media\/134"}],"wp:attachment":[{"href":"https:\/\/perfilmak.com.br\/index.php\/wp-json\/wp\/v2\/media?parent=131"}],"wp:term":[{"taxonomy":"product_brand","embeddable":true,"href":"https:\/\/perfilmak.com.br\/index.php\/wp-json\/wp\/v2\/product_brand?post=131"},{"taxonomy":"product_cat","embeddable":true,"href":"https:\/\/perfilmak.com.br\/index.php\/wp-json\/wp\/v2\/product_cat?post=131"},{"taxonomy":"product_tag","embeddable":true,"href":"https:\/\/perfilmak.com.br\/index.php\/wp-json\/wp\/v2\/product_tag?post=131"}],"curies":[{"name":"wp","href":"https:\/\/api.w.org\/{rel}","templated":true}]}}