{"id":132,"date":"2025-02-10T17:23:00","date_gmt":"2025-02-10T17:23:00","guid":{"rendered":"https:\/\/perfilmak.com.br\/?post_type=product&#038;p=132"},"modified":"2025-02-10T20:52:30","modified_gmt":"2025-02-10T20:52:30","slug":"hastes-de-fixacao","status":"publish","type":"product","link":"https:\/\/perfilmak.com.br\/index.php\/produto\/hastes-de-fixacao\/","title":{"rendered":"Hastes de fixa\u00e7\u00e3o"},"content":{"rendered":"<p>As hastes de fixa\u00e7\u00e3o da perfilmak s\u00e3o feitas com cantoneiras de a\u00e7o 1pol x 1\/8pol galvanizada.<\/p>\n<p>Fabricadas nas medidas 30cm e 45cm para utiliza\u00e7\u00e3o como estrutura para cercas de concertina.<\/p>\n<p>Possu\u00ed uma ponta fina para fixar no muro.<\/p>\n<p>S\u00e3o resistentes a \u00e1gua e intemperes.<\/p>\n<p>Vendidas em unidade.<\/p>\n","protected":false},"excerpt":{"rendered":"<p>Hastes para concertina.<\/p>\n","protected":false},"featured_media":137,"comment_status":"open","ping_status":"closed","template":"","meta":{"_joinchat":[]},"product_brand":[],"product_cat":[19],"product_tag":[],"class_list":{"0":"post-132","1":"product","2":"type-product","3":"status-publish","4":"has-post-thumbnail","6":"product_cat-cercas-concertina","8":"first","9":"instock","10":"shipping-taxable","11":"product-type-simple"},"_links":{"self":[{"href":"https:\/\/perfilmak.com.br\/index.php\/wp-json\/wp\/v2\/product\/132","targetHints":{"allow":["GET"]}}],"collection":[{"href":"https:\/\/perfilmak.com.br\/index.php\/wp-json\/wp\/v2\/product"}],"about":[{"href":"https:\/\/perfilmak.com.br\/index.php\/wp-json\/wp\/v2\/types\/product"}],"replies":[{"embeddable":true,"href":"https:\/\/perfilmak.com.br\/index.php\/wp-json\/wp\/v2\/comments?post=132"}],"wp:featuredmedia":[{"embeddable":true,"href":"https:\/\/perfilmak.com.br\/index.php\/wp-json\/wp\/v2\/media\/137"}],"wp:attachment":[{"href":"https:\/\/perfilmak.com.br\/index.php\/wp-json\/wp\/v2\/media?parent=132"}],"wp:term":[{"taxonomy":"product_brand","embeddable":true,"href":"https:\/\/perfilmak.com.br\/index.php\/wp-json\/wp\/v2\/product_brand?post=132"},{"taxonomy":"product_cat","embeddable":true,"href":"https:\/\/perfilmak.com.br\/index.php\/wp-json\/wp\/v2\/product_cat?post=132"},{"taxonomy":"product_tag","embeddable":true,"href":"https:\/\/perfilmak.com.br\/index.php\/wp-json\/wp\/v2\/product_tag?post=132"}],"curies":[{"name":"wp","href":"https:\/\/api.w.org\/{rel}","templated":true}]}}